{"id":230,"date":"2020-11-18T17:30:09","date_gmt":"2020-11-18T17:30:09","guid":{"rendered":"https:\/\/openingopus.com\/home\/"},"modified":"2021-01-25T17:41:16","modified_gmt":"2021-01-25T17:41:16","slug":"home","status":"publish","type":"page","link":"https:\/\/openingopus.com\/fr\/","title":{"rendered":"Home"},"content":{"rendered":"[vc_row fullwidth=\u00a0\u00bbtrue\u00a0\u00bb awb_type=\u00a0\u00bbvideo\u00a0\u00bb awb_stretch=\u00a0\u00bb1&Prime; awb_video_mobile=\u00a0\u00bb1&Prime; awb_parallax=\u00a0\u00bbscroll\u00a0\u00bb awb_parallax_speed=\u00a0\u00bb0.5&Prime; awb_video_mp4=\u00a0\u00bb340&Prime; el_class=\u00a0\u00bbfullscreen-row\u00a0\u00bb css=\u00a0\u00bb.vc_custom_1611596461061{padding-right: 0px !important;padding-left: 0px !important;}\u00a0\u00bb][vc_column][mk_fancy_title color=\u00a0\u00bb#ffffff\u00a0\u00bb size=\u00a0\u00bb32px\u00a0\u00bb font_weight=\u00a0\u00bbbold\u00a0\u00bb margin_bottom=\u00a0\u00bb0&Prime; font_family=\u00a0\u00bbnone\u00a0\u00bb align=\u00a0\u00bbcenter\u00a0\u00bb el_class=\u00a0\u00bbprimary-title\u00a0\u00bb]R\u00e9\u00e9quilibrer<br \/>\navec joie[\/mk_fancy_title][mk_button dimension=\u00a0\u00bbflat\u00a0\u00bb corner_style=\u00a0\u00bbfull_rounded\u00a0\u00bb size=\u00a0\u00bblarge\u00a0\u00bb url=\u00a0\u00bbhttps:\/\/openingopus.com\/products\/\u00a0\u00bb align=\u00a0\u00bbcenter\u00a0\u00bb button_custom_width=\u00a0\u00bb190&Prime; margin_bottom=\u00a0\u00bb0&Prime; margin_right=\u00a0\u00bb0&Prime; el_class=\u00a0\u00bbgold-button\u00a0\u00bb bg_color=\u00a0\u00bb#c4ab63&Prime; btn_hover_txt_color=\u00a0\u00bb#32343a\u00a0\u00bb]D\u00c9COUVRIR[\/mk_button][\/vc_column][\/vc_row][vc_row fullwidth=\u00a0\u00bbtrue\u00a0\u00bb awb_type=\u00a0\u00bbimage\u00a0\u00bb awb_stretch=\u00a0\u00bb1&Prime; awb_image_background_position=\u00a0\u00bb50% 50%\u00a0\u00bb awb_parallax=\u00a0\u00bbscroll\u00a0\u00bb awb_parallax_speed=\u00a0\u00bb0.5&Prime; el_class=\u00a0\u00bbfullscreen-row pink-dress\u00a0\u00bb css=\u00a0\u00bb.vc_custom_1607615894537{padding-right: 0px !important;padding-left: 0px !important;}\u00a0\u00bb awb_image=\u00a0\u00bb22&Prime;][vc_column][mk_fancy_title color=\u00a0\u00bb#ffffff\u00a0\u00bb size=\u00a0\u00bb32px\u00a0\u00bb font_weight=\u00a0\u00bbbold\u00a0\u00bb margin_bottom=\u00a0\u00bb0&Prime; font_family=\u00a0\u00bbnone\u00a0\u00bb align=\u00a0\u00bbcenter\u00a0\u00bb el_class=\u00a0\u00bbprimary-title\u00a0\u00bb]Comment nous faisons<br \/>\nsourire le monde[\/mk_fancy_title][vc_single_image image=\u00a0\u00bb169&Prime; img_size=\u00a0\u00bb50 x 50&Prime; alignment=\u00a0\u00bbcenter\u00a0\u00bb onclick=\u00a0\u00bbcustom_link\u00a0\u00bb css=\u00a0\u00bb.vc_custom_1607009787296{margin-top: 50px !important;}\u00a0\u00bb link=\u00a0\u00bbhttps:\/\/openingopus.com\/#section2&Prime;][\/vc_column][\/vc_row][vc_row fullwidth=\u00a0\u00bbtrue\u00a0\u00bb awb_type=\u00a0\u00bbimage\u00a0\u00bb awb_stretch=\u00a0\u00bb1&Prime; awb_image_background_position=\u00a0\u00bb50% 50%\u00a0\u00bb awb_parallax=\u00a0\u00bbscroll\u00a0\u00bb awb_parallax_speed=\u00a0\u00bb0.5&Prime; el_class=\u00a0\u00bbfullscreen-row blurred-white\u00a0\u00bb css=\u00a0\u00bb.vc_custom_1607009800107{padding-right: 0px !important;padding-left: 0px !important;}\u00a0\u00bb awb_image=\u00a0\u00bb24&Prime; id=\u00a0\u00bbsection2&Prime;][vc_column][vc_row_inner][vc_column_inner el_class=\u00a0\u00bbmax600&Prime;][mk_fancy_title tag_name=\u00a0\u00bbh3&Prime; color=\u00a0\u00bb#c4ab63&Prime; size=\u00a0\u00bb28&Prime; margin_bottom=\u00a0\u00bb5&Prime; font_family=\u00a0\u00bbnone\u00a0\u00bb align=\u00a0\u00bbcenter\u00a0\u00bb el_class=\u00a0\u00bbno-bottom-margin\u00a0\u00bb]Nous produisons en Europe, de fa\u00e7on \u00e9thique[\/mk_fancy_title][vc_column_text el_class=\u00a0\u00bbpontiac\u00a0\u00bb css=\u00a0\u00bb.vc_custom_1609272404943{margin-bottom: 0px !important;}\u00a0\u00bb]\n<p style=\"text-align: center;\">L\u2019\u00c9gale est fabriqu\u00e9 \u00e0 la main dans un atelier italien o\u00f9 se marient le plaisir du travail bien fait, l\u2019int\u00e9grit\u00e9 et le respect. Les artisans locaux assemblent nos cr\u00e9ations haut-de-gamme avec passion, et toujours dans le souci d\u2019\u00e9conomiser l\u2019\u00e9nergie et les mat\u00e9riaux.<\/p>\n[\/vc_column_text][\/vc_column_inner][\/vc_row_inner][vc_row_inner][vc_column_inner el_class=\u00a0\u00bbmax600&Prime;][mk_fancy_title tag_name=\u00a0\u00bbh3&Prime; color=\u00a0\u00bb#c4ab63&Prime; size=\u00a0\u00bb28&Prime; margin_bottom=\u00a0\u00bb5&Prime; font_family=\u00a0\u00bbnone\u00a0\u00bb align=\u00a0\u00bbcenter\u00a0\u00bb el_class=\u00a0\u00bbno-bottom-margin\u00a0\u00bb]Nous ch\u00e9rissons nos oc\u00e9ans[\/mk_fancy_title][vc_column_text el_class=\u00a0\u00bbpontiac\u00a0\u00bb css=\u00a0\u00bb.vc_custom_1609272426246{margin-bottom: 0px !important;}\u00a0\u00bb]\n<p style=\"text-align: center;\">Les textiles sp\u00e9cialement con\u00e7us d\u2019Opening Opus sont fabriqu\u00e9s \u00e0 partir de bouteilles de plastiques collect\u00e9es de la mer et recycl\u00e9es.<\/p>\n[\/vc_column_text][\/vc_column_inner][\/vc_row_inner][vc_row_inner][vc_column_inner el_class=\u00a0\u00bbmax600&Prime;][mk_fancy_title tag_name=\u00a0\u00bbh3&Prime; color=\u00a0\u00bb#c4ab63&Prime; size=\u00a0\u00bb28&Prime; margin_bottom=\u00a0\u00bb5&Prime; font_family=\u00a0\u00bbnone\u00a0\u00bb align=\u00a0\u00bbcenter\u00a0\u00bb el_class=\u00a0\u00bbno-bottom-margin\u00a0\u00bb]Nous nous engageons pour une fabrication durable[\/mk_fancy_title][vc_column_text el_class=\u00a0\u00bbpontiac\u00a0\u00bb css=\u00a0\u00bb.vc_custom_1609272465655{margin-bottom: 0px !important;}\u00a0\u00bb]\n<p style=\"text-align: center;\">Nos textiles sont produits par une entreprise certifi\u00e9e Oeko-Tex<sup>\u00ae<\/sup> et bas\u00e9e en Suisse \u2013 pays leader en mati\u00e8re d\u2019initiatives environnementales.<\/p>\n[\/vc_column_text][\/vc_column_inner][\/vc_row_inner][vc_row_inner][vc_column_inner el_class=\u00a0\u00bbmax600&Prime;][mk_fancy_title tag_name=\u00a0\u00bbh3&Prime; color=\u00a0\u00bb#c4ab63&Prime; size=\u00a0\u00bb28&Prime; margin_bottom=\u00a0\u00bb5&Prime; font_family=\u00a0\u00bbnone\u00a0\u00bb align=\u00a0\u00bbcenter\u00a0\u00bb el_class=\u00a0\u00bbno-bottom-margin\u00a0\u00bb]Nous donnons une seconde vie \u00e0 nos d\u00e9chets[\/mk_fancy_title][vc_column_text el_class=\u00a0\u00bbpontiac\u00a0\u00bb css=\u00a0\u00bb.vc_custom_1609272489566{margin-bottom: 0px !important;}\u00a0\u00bb]\n<p style=\"text-align: center;\">Tous nos restes de tissu sont recycl\u00e9s dans de nouveaux produits par Social Fabric, une association bas\u00e9e en Suisse qui promeut et produit des bien textiles \u00e0 faible empreinte carbone.<\/p>\n[\/vc_column_text][\/vc_column_inner][\/vc_row_inner][\/vc_column][\/vc_row][vc_row fullwidth=\u00a0\u00bbtrue\u00a0\u00bb awb_type=\u00a0\u00bbimage\u00a0\u00bb awb_stretch=\u00a0\u00bb1&Prime; awb_image_background_position=\u00a0\u00bb50% 50%\u00a0\u00bb awb_parallax=\u00a0\u00bbscroll\u00a0\u00bb awb_parallax_speed=\u00a0\u00bb0.5&Prime; el_class=\u00a0\u00bbfullscreen-row\u00a0\u00bb css=\u00a0\u00bb.vc_custom_1606838729175{padding-right: 0px !important;padding-left: 0px !important;}\u00a0\u00bb awb_image=\u00a0\u00bb29&Prime;][vc_column][mk_fancy_title color=\u00a0\u00bb#ffffff\u00a0\u00bb size=\u00a0\u00bb32px\u00a0\u00bb font_weight=\u00a0\u00bbbold\u00a0\u00bb margin_bottom=\u00a0\u00bb0&Prime; font_family=\u00a0\u00bbnone\u00a0\u00bb align=\u00a0\u00bbcenter\u00a0\u00bb el_class=\u00a0\u00bbprimary-title\u00a0\u00bb]\n<div>Con\u00e7u en suisse<\/div>\n<div>Fabriqu\u00e9 en Italie<\/div>\n<div>Design Canadien<\/div>\n[\/mk_fancy_title][\/vc_column][\/vc_row]\n","protected":false},"excerpt":{"rendered":"<p>[vc_row fullwidth=\u00a0\u00bbtrue\u00a0\u00bb awb_type=\u00a0\u00bbvideo\u00a0\u00bb awb_stretch=\u00a0\u00bb1&Prime; awb_video_mobile=\u00a0\u00bb1&Prime; awb_parallax=\u00a0\u00bbscroll\u00a0\u00bb awb_parallax_speed=\u00a0\u00bb0.5&Prime; awb_video_mp4=\u00a0\u00bb340&Prime; el_class=\u00a0\u00bbfullscreen-row\u00a0\u00bb css=\u00a0\u00bb.vc_custom_1611596461061{padding-right: 0px !important;padding-left: 0px !important;}\u00a0\u00bb][vc_column][mk_fancy_title color=\u00a0\u00bb#ffffff\u00a0\u00bb size=\u00a0\u00bb32px\u00a0\u00bb font_weight=\u00a0\u00bbbold\u00a0\u00bb margin_bottom=\u00a0\u00bb0&Prime; font_family=\u00a0\u00bbnone\u00a0\u00bb align=\u00a0\u00bbcenter\u00a0\u00bb el_class=\u00a0\u00bbprimary-title\u00a0\u00bb]R\u00e9\u00e9quilibrer avec joie[\/mk_fancy_title][mk_button dimension=\u00a0\u00bbflat\u00a0\u00bb corner_style=\u00a0\u00bbfull_rounded\u00a0\u00bb size=\u00a0\u00bblarge\u00a0\u00bb url=\u00a0\u00bbhttps:\/\/openingopus.com\/products\/\u00a0\u00bb align=\u00a0\u00bbcenter\u00a0\u00bb button_custom_width=\u00a0\u00bb190&Prime; margin_bottom=\u00a0\u00bb0&Prime; margin_right=\u00a0\u00bb0&Prime; el_class=\u00a0\u00bbgold-button\u00a0\u00bb bg_color=\u00a0\u00bb#c4ab63&Prime; btn_hover_txt_color=\u00a0\u00bb#32343a\u00a0\u00bb]D\u00c9COUVRIR[\/mk_button][\/vc_column][\/vc_row][vc_row fullwidth=\u00a0\u00bbtrue\u00a0\u00bb awb_type=\u00a0\u00bbimage\u00a0\u00bb awb_stretch=\u00a0\u00bb1&Prime; awb_image_background_position=\u00a0\u00bb50% 50%\u00a0\u00bb awb_parallax=\u00a0\u00bbscroll\u00a0\u00bb awb_parallax_speed=\u00a0\u00bb0.5&Prime; el_class=\u00a0\u00bbfullscreen-row pink-dress\u00a0\u00bb css=\u00a0\u00bb.vc_custom_1607615894537{padding-right: 0px !important;padding-left: 0px !important;}\u00a0\u00bb awb_image=\u00a0\u00bb22&Prime;][vc_column][mk_fancy_title color=\u00a0\u00bb#ffffff\u00a0\u00bb size=\u00a0\u00bb32px\u00a0\u00bb font_weight=\u00a0\u00bbbold\u00a0\u00bb margin_bottom=\u00a0\u00bb0&Prime; font_family=\u00a0\u00bbnone\u00a0\u00bb align=\u00a0\u00bbcenter\u00a0\u00bb [&hellip;]<\/p>\n","protected":false},"author":1,"featured_media":0,"parent":0,"menu_order":0,"comment_status":"closed","ping_status":"closed","template":"","meta":{"om_disable_all_campaigns":false,"_monsterinsights_skip_tracking":false,"_monsterinsights_sitenote_active":false,"_monsterinsights_sitenote_note":"","_monsterinsights_sitenote_category":0,"footnotes":""},"class_list":["post-230","page","type-page","status-publish","hentry"],"aioseo_notices":[],"_links":{"self":[{"href":"https:\/\/openingopus.com\/fr\/wp-json\/wp\/v2\/pages\/230","targetHints":{"allow":["GET"]}}],"collection":[{"href":"https:\/\/openingopus.com\/fr\/wp-json\/wp\/v2\/pages"}],"about":[{"href":"https:\/\/openingopus.com\/fr\/wp-json\/wp\/v2\/types\/page"}],"author":[{"embeddable":true,"href":"https:\/\/openingopus.com\/fr\/wp-json\/wp\/v2\/users\/1"}],"replies":[{"embeddable":true,"href":"https:\/\/openingopus.com\/fr\/wp-json\/wp\/v2\/comments?post=230"}],"version-history":[{"count":5,"href":"https:\/\/openingopus.com\/fr\/wp-json\/wp\/v2\/pages\/230\/revisions"}],"predecessor-version":[{"id":343,"href":"https:\/\/openingopus.com\/fr\/wp-json\/wp\/v2\/pages\/230\/revisions\/343"}],"wp:attachment":[{"href":"https:\/\/openingopus.com\/fr\/wp-json\/wp\/v2\/media?parent=230"}],"curies":[{"name":"wp","href":"https:\/\/api.w.org\/{rel}","templated":true}]}}