{"id":226,"date":"2020-12-29T16:05:26","date_gmt":"2020-12-29T16:05:26","guid":{"rendered":"https:\/\/openingopus.com\/?page_id=226"},"modified":"2020-12-29T19:19:38","modified_gmt":"2020-12-29T19:19:38","slug":"about","status":"publish","type":"page","link":"https:\/\/openingopus.com\/fr\/about\/","title":{"rendered":"\u00c0 propos"},"content":{"rendered":"[vc_row fullwidth=\u00a0\u00bbtrue\u00a0\u00bb awb_type=\u00a0\u00bbimage\u00a0\u00bb awb_stretch=\u00a0\u00bb1&Prime; awb_image_background_position=\u00a0\u00bb50% bottom\u00a0\u00bb awb_color=\u00a0\u00bbrgba(0,0,0,0.15)\u00a0\u00bb el_class=\u00a0\u00bbfullscreen-row lower-title piano-girl\u00a0\u00bb awb_image=\u00a0\u00bb42&Prime;][vc_column][mk_fancy_title color=\u00a0\u00bb#ffffff\u00a0\u00bb size=\u00a0\u00bb38&Prime; font_family=\u00a0\u00bbnone\u00a0\u00bb responsive_align=\u00a0\u00bbleft\u00a0\u00bb el_class=\u00a0\u00bbprimary-title\u00a0\u00bb]A propos<br \/>\nd\u2019Opening Opus[\/mk_fancy_title][\/vc_column][\/vc_row][vc_row fullwidth=\u00a0\u00bbtrue\u00a0\u00bb css=\u00a0\u00bb.vc_custom_1607697260568{margin-top: 140px !important;margin-bottom: 140px !important;}\u00a0\u00bb el_class=\u00a0\u00bbmobile-less-space\u00a0\u00bb][vc_column][vc_row_inner attached=\u00a0\u00bbtrue\u00a0\u00bb column_padding=\u00a0\u00bb2&Prime;][vc_column_inner width=\u00a0\u00bb1\/2&Prime;][vc_column_text css=\u00a0\u00bb.vc_custom_1609269509527{margin-bottom: 0px !important;}\u00a0\u00bb]La valeur fondatrice d\u2019Opening Opus est un respect profond de la tradition et de l\u2019artisanat. C\u2019est cette philosophie qui nous guide chaque jour \u00e0 la recherche des designs \u00e0 la fois innovants et hautement fonctionnels pour les familles qui sont actives, mais aussi dans la s\u00e9lection des meilleurs mat\u00e9riaux. Les pays dans lesquels nous choisissons de nous fournir partagent tous une longue tradition de fabrication authentique, que nous soutenons avec fiert\u00e9 et passion.[\/vc_column_text][\/vc_column_inner][vc_column_inner width=\u00a0\u00bb1\/2&Prime;][vc_column_text css=\u00a0\u00bb.vc_custom_1609269518310{margin-bottom: 0px !important;}\u00a0\u00bb]L\u2019\u00e9quilibre entre l\u2019\u00e9l\u00e9gance et l\u2019innovation est une alchimie d\u00e9licate, et nous avons voulu et con\u00e7u des produits qui combinent harmonieusement ces deux qualit\u00e9s. Nous croyons bien s\u00fbr aussi en un \u00e9quilibre entre la cr\u00e9ation de luxe et la responsabilit\u00e9 environnementale : c\u2019est pourquoi nous collaborons avec des ateliers, des fabricants et des associations qui partagent nos valeurs.[\/vc_column_text][\/vc_column_inner][\/vc_row_inner][\/vc_column][\/vc_row][vc_row fullwidth=\u00a0\u00bbtrue\u00a0\u00bb awb_type=\u00a0\u00bbimage\u00a0\u00bb awb_stretch=\u00a0\u00bb1&Prime; awb_image_background_position=\u00a0\u00bb50% bottom\u00a0\u00bb awb_color=\u00a0\u00bbrgba(0,0,0,0.15)\u00a0\u00bb el_class=\u00a0\u00bbfullscreen-row lower-title\u00a0\u00bb awb_image=\u00a0\u00bb50&Prime;][vc_column][mk_fancy_title color=\u00a0\u00bb#ffffff\u00a0\u00bb size=\u00a0\u00bb38&Prime; font_family=\u00a0\u00bbnone\u00a0\u00bb responsive_align=\u00a0\u00bbleft\u00a0\u00bb el_class=\u00a0\u00bbprimary-title\u00a0\u00bb]A propos<br \/>\nd&rsquo;Alda[\/mk_fancy_title][\/vc_column][\/vc_row][vc_row fullwidth=\u00a0\u00bbtrue\u00a0\u00bb css=\u00a0\u00bb.vc_custom_1607697266786{margin-top: 140px !important;margin-bottom: 140px !important;}\u00a0\u00bb el_class=\u00a0\u00bbmobile-less-space\u00a0\u00bb][vc_column][vc_row_inner attached=\u00a0\u00bbtrue\u00a0\u00bb column_padding=\u00a0\u00bb2&Prime;][vc_column_inner width=\u00a0\u00bb1\/2&Prime;][vc_column_text css=\u00a0\u00bb.vc_custom_1609269551836{margin-bottom: 0px !important;}\u00a0\u00bb]Comme tant d&rsquo;autres parents, je veux des produits intelligents, fonctionnels, polyvalents, et con\u00e7us pour durer. C\u2019est pourquoi j\u2019ai fond\u00e9 Opening Opus. Apr\u00e8s avoir recherch\u00e9 en vain une solution pour \u00e9viter les poussettes qui basculent sous le poids des sacs\u00a0<em>et<\/em> plus de place pour ranger les affaires de mon fils et les miennes, le tout combin\u00e9 dans un design s\u00fbr, \u00e9l\u00e9gant, et facile d\u2019entretien. J\u2019ai fini par me rendre compte que j\u2019allais devoir r\u00e9soudre ce dilemme moi-m\u00eame.[\/vc_column_text][\/vc_column_inner][vc_column_inner width=\u00a0\u00bb1\/2&Prime;][vc_column_text css=\u00a0\u00bb.vc_custom_1609269563318{margin-bottom: 0px !important;}\u00a0\u00bb]J\u2019ai donc entrepris de concevoir un mod\u00e8le qui r\u00e9pondrait \u00e0 tous mes besoins : l\u2019\u00c9gale est un syst\u00e8me de transport et de rangement pour poussette fabriqu\u00e9e \u00e0 partir de mat\u00e9riaux r\u00e9sistants \u00e0 l&rsquo;eau, antimicrobiens et antisalissures. J&rsquo;esp\u00e8re que vous trouverez mes cr\u00e9ations utiles : j\u2019aime croire que moins nous passons du temps \u00e0 \u00e9quilibrer et optimiser le chargement de nos poussettes, plus nous passons \u00e0 explorer le monde avec nos bouts de chou.[\/vc_column_text][\/vc_column_inner][\/vc_row_inner][\/vc_column][\/vc_row]\n","protected":false},"excerpt":{"rendered":"<p>[vc_row fullwidth=\u00a0\u00bbtrue\u00a0\u00bb awb_type=\u00a0\u00bbimage\u00a0\u00bb awb_stretch=\u00a0\u00bb1&Prime; awb_image_background_position=\u00a0\u00bb50% bottom\u00a0\u00bb awb_color=\u00a0\u00bbrgba(0,0,0,0.15)\u00a0\u00bb el_class=\u00a0\u00bbfullscreen-row lower-title piano-girl\u00a0\u00bb awb_image=\u00a0\u00bb42&Prime;][vc_column][mk_fancy_title color=\u00a0\u00bb#ffffff\u00a0\u00bb size=\u00a0\u00bb38&Prime; font_family=\u00a0\u00bbnone\u00a0\u00bb responsive_align=\u00a0\u00bbleft\u00a0\u00bb el_class=\u00a0\u00bbprimary-title\u00a0\u00bb]A propos d\u2019Opening Opus[\/mk_fancy_title][\/vc_column][\/vc_row][vc_row fullwidth=\u00a0\u00bbtrue\u00a0\u00bb css=\u00a0\u00bb.vc_custom_1607697260568{margin-top: 140px !important;margin-bottom: 140px !important;}\u00a0\u00bb el_class=\u00a0\u00bbmobile-less-space\u00a0\u00bb][vc_column][vc_row_inner attached=\u00a0\u00bbtrue\u00a0\u00bb column_padding=\u00a0\u00bb2&Prime;][vc_column_inner width=\u00a0\u00bb1\/2&Prime;][vc_column_text css=\u00a0\u00bb.vc_custom_1609269509527{margin-bottom: 0px !important;}\u00a0\u00bb]La valeur fondatrice d\u2019Opening Opus est un respect profond de la tradition et de l\u2019artisanat. C\u2019est cette philosophie qui nous guide chaque jour \u00e0 [&hellip;]<\/p>\n","protected":false},"author":2,"featured_media":0,"parent":0,"menu_order":0,"comment_status":"closed","ping_status":"closed","template":"","meta":{"om_disable_all_campaigns":false,"_monsterinsights_skip_tracking":false,"_monsterinsights_sitenote_active":false,"_monsterinsights_sitenote_note":"","_monsterinsights_sitenote_category":0,"footnotes":""},"class_list":["post-226","page","type-page","status-publish","hentry"],"aioseo_notices":[],"_links":{"self":[{"href":"https:\/\/openingopus.com\/fr\/wp-json\/wp\/v2\/pages\/226","targetHints":{"allow":["GET"]}}],"collection":[{"href":"https:\/\/openingopus.com\/fr\/wp-json\/wp\/v2\/pages"}],"about":[{"href":"https:\/\/openingopus.com\/fr\/wp-json\/wp\/v2\/types\/page"}],"author":[{"embeddable":true,"href":"https:\/\/openingopus.com\/fr\/wp-json\/wp\/v2\/users\/2"}],"replies":[{"embeddable":true,"href":"https:\/\/openingopus.com\/fr\/wp-json\/wp\/v2\/comments?post=226"}],"version-history":[{"count":5,"href":"https:\/\/openingopus.com\/fr\/wp-json\/wp\/v2\/pages\/226\/revisions"}],"predecessor-version":[{"id":243,"href":"https:\/\/openingopus.com\/fr\/wp-json\/wp\/v2\/pages\/226\/revisions\/243"}],"wp:attachment":[{"href":"https:\/\/openingopus.com\/fr\/wp-json\/wp\/v2\/media?parent=226"}],"curies":[{"name":"wp","href":"https:\/\/api.w.org\/{rel}","templated":true}]}}